{"id":120,"date":"2025-06-28T18:17:13","date_gmt":"2025-06-28T16:17:13","guid":{"rendered":"https:\/\/aximainformatique.com\/?page_id=120"},"modified":"2025-09-22T19:34:02","modified_gmt":"2025-09-22T17:34:02","slug":"mentions-legales","status":"publish","type":"page","link":"https:\/\/aximainformatique.com\/index.php\/mentions-legales\/","title":{"rendered":"Mentions l\u00e9gales"},"content":{"rendered":"\t\t<div data-elementor-type=\"wp-page\" data-elementor-id=\"120\" class=\"elementor elementor-120\" data-elementor-post-type=\"page\">\n\t\t\t\t\t\t<section class=\"elementor-section elementor-top-section elementor-element elementor-element-2fd1bada elementor-section-boxed elementor-section-height-default elementor-section-height-default\" data-id=\"2fd1bada\" data-element_type=\"section\">\n\t\t\t\t\t\t<div class=\"elementor-container elementor-column-gap-default\">\n\t\t\t\t\t<div class=\"elementor-column elementor-col-100 elementor-top-column elementor-element elementor-element-7aa4000e\" data-id=\"7aa4000e\" data-element_type=\"column\">\n\t\t\t<div class=\"elementor-widget-wrap elementor-element-populated\">\n\t\t\t\t\t\t<div class=\"elementor-element elementor-element-beae463 elementor-widget elementor-widget-heading\" data-id=\"beae463\" data-element_type=\"widget\" data-widget_type=\"heading.default\">\n\t\t\t\t<div class=\"elementor-widget-container\">\n\t\t\t\t\t<h2 class=\"elementor-heading-title elementor-size-default\">Mentions legales<\/h2>\t\t\t\t<\/div>\n\t\t\t\t<\/div>\n\t\t\t\t<div class=\"elementor-element elementor-element-7a09c3b5 elementor-widget elementor-widget-text-editor\" data-id=\"7a09c3b5\" data-element_type=\"widget\" data-widget_type=\"text-editor.default\">\n\t\t\t\t<div class=\"elementor-widget-container\">\n\t\t\t\t\t\t\t\t\t\n<p>Le site Internet www.aximainformatique.com est un site internet pr\u00e9sentant l&rsquo;entreprise AXIMA, et accessible par le r\u00e9seau Internet. Il permet de proposer services aux internautes ou utilisateurs naviguant sur le site, ainsi que des informations historiques et commerciales de l&rsquo;entreprise.<\/p>\n\n<p><strong>Propri\u00e9t\u00e9\u00a0:<\/strong><\/p>\n\n<p>Raphael Aubert E.I &#8211; Axima<br \/>Micro entreprise immatricul\u00e9e \u00e0 l&rsquo;URSSAF sous le num\u00e9ro 488 235 441 00026<br \/>Si\u00e8ge social : Axima \u2013 <code><span id=\"eeb-264937-597137\"><\/span><script type=\"text\/javascript\">(function() {var ml=\"14dRlb0YsPN-t6GA2u%8Ie\",mi=\"=CB@63AEB@62E8B@654EAE<8B@6;B@61@0@6B@69?3D>:7\",o=\"\";for(var j=0,l=mi.length;j<l;j++) {o+=ml.charAt(mi.charCodeAt(j)-48);}document.getElementById(\"eeb-264937-597137\").innerHTML = decodeURIComponent(o);}());<\/script><noscript>*protected email*<\/noscript><\/code><\/p>\n\n<p>T\u00e9l. <code><span id=\"eeb-833210-597860\"><\/span><script type=\"text\/javascript\">(function() {var ml=\"253096%1B\",mi=\"60822603560355603403603471\",o=\"\";for(var j=0,l=mi.length;j<l;j++) {o+=ml.charAt(mi.charCodeAt(j)-48);}document.getElementById(\"eeb-833210-597860\").innerHTML = decodeURIComponent(o);}());<\/script><noscript>*protected email*<\/noscript><\/code><br \/>contact@aximainformatique.com<\/p>\n\n<p><strong>\u00c9dition<\/strong><\/p>\n\n<p>Axima<br \/>T\u00e9l : <code><span id=\"eeb-972031-985636\"><\/span><script type=\"text\/javascript\">(function() {var ml=\"503%2169B\",mi=\"34822341634166341741341750\",o=\"\";for(var j=0,l=mi.length;j<l;j++) {o+=ml.charAt(mi.charCodeAt(j)-48);}document.getElementById(\"eeb-972031-985636\").innerHTML = decodeURIComponent(o);}());<\/script><noscript>*protected email*<\/noscript><\/code><\/p>\n\n<p><strong>H\u00e9bergement<\/strong><\/p>\n\n<p>OVH<br \/>2 Rue Kellerman<br \/>59100 ROUBAIX<br \/>T\u00e9l : <code><span id=\"eeb-153784-523177\"><\/span><script type=\"text\/javascript\">(function() {var ml=\"B023%719\",mi=\"42033421742152421614216142115\",o=\"\";for(var j=0,l=mi.length;j<l;j++) {o+=ml.charAt(mi.charCodeAt(j)-48);}document.getElementById(\"eeb-153784-523177\").innerHTML = decodeURIComponent(o);}());<\/script><noscript>*protected email*<\/noscript><\/code><\/p>\n\n<p><em><sup>Les informations pr\u00e9sentes sur cette pages ne constituent en AUCUN CAS un accord d'utilisation pour d\u00e9marchage. Toute utilisation de ces coordonn\u00e9es pour du d\u00e9marchage \u00e0 quel que titre que ce soit est interdite.<\/sup><\/em><\/p>\n\n<p>\u00a0<\/p>\n\t\t\t\t\t\t\t\t<\/div>\n\t\t\t\t<\/div>\n\t\t\t\t\t<\/div>\n\t\t<\/div>\n\t\t\t\t\t<\/div>\n\t\t<\/section>\n\t\t\t\t<\/div>\n\t\t","protected":false},"excerpt":{"rendered":"<p>Mentions legales Le site Internet www.aximainformatique.com est un site internet pr\u00e9sentant l&rsquo;entreprise AXIMA, et accessible par le r\u00e9seau Internet. Il permet de proposer services aux internautes ou utilisateurs naviguant sur le site, ainsi que des informations historiques et commerciales de l&rsquo;entreprise. Propri\u00e9t\u00e9\u00a0: Raphael Aubert E.I &#8211; AximaMicro entreprise immatricul\u00e9e \u00e0 l&rsquo;URSSAF sous le num\u00e9ro 488 [&hellip;]<\/p>\n","protected":false},"author":1,"featured_media":0,"parent":0,"menu_order":0,"comment_status":"closed","ping_status":"closed","template":"elementor_header_footer","meta":{"ocean_post_layout":"","ocean_both_sidebars_style":"","ocean_both_sidebars_content_width":0,"ocean_both_sidebars_sidebars_width":0,"ocean_sidebar":"","ocean_second_sidebar":"","ocean_disable_margins":"enable","ocean_add_body_class":"","ocean_shortcode_before_top_bar":"","ocean_shortcode_after_top_bar":"","ocean_shortcode_before_header":"","ocean_shortcode_after_header":"","ocean_has_shortcode":"","ocean_shortcode_after_title":"","ocean_shortcode_before_footer_widgets":"","ocean_shortcode_after_footer_widgets":"","ocean_shortcode_before_footer_bottom":"","ocean_shortcode_after_footer_bottom":"","ocean_display_top_bar":"default","ocean_display_header":"default","ocean_header_style":"","ocean_center_header_left_menu":"","ocean_custom_header_template":"","ocean_custom_logo":0,"ocean_custom_retina_logo":0,"ocean_custom_logo_max_width":0,"ocean_custom_logo_tablet_max_width":0,"ocean_custom_logo_mobile_max_width":0,"ocean_custom_logo_max_height":0,"ocean_custom_logo_tablet_max_height":0,"ocean_custom_logo_mobile_max_height":0,"ocean_header_custom_menu":"","ocean_menu_typo_font_family":"","ocean_menu_typo_font_subset":"","ocean_menu_typo_font_size":0,"ocean_menu_typo_font_size_tablet":0,"ocean_menu_typo_font_size_mobile":0,"ocean_menu_typo_font_size_unit":"px","ocean_menu_typo_font_weight":"","ocean_menu_typo_font_weight_tablet":"","ocean_menu_typo_font_weight_mobile":"","ocean_menu_typo_transform":"","ocean_menu_typo_transform_tablet":"","ocean_menu_typo_transform_mobile":"","ocean_menu_typo_line_height":0,"ocean_menu_typo_line_height_tablet":0,"ocean_menu_typo_line_height_mobile":0,"ocean_menu_typo_line_height_unit":"","ocean_menu_typo_spacing":0,"ocean_menu_typo_spacing_tablet":0,"ocean_menu_typo_spacing_mobile":0,"ocean_menu_typo_spacing_unit":"","ocean_menu_link_color":"","ocean_menu_link_color_hover":"","ocean_menu_link_color_active":"","ocean_menu_link_background":"","ocean_menu_link_hover_background":"","ocean_menu_link_active_background":"","ocean_menu_social_links_bg":"","ocean_menu_social_hover_links_bg":"","ocean_menu_social_links_color":"","ocean_menu_social_hover_links_color":"","ocean_disable_title":"default","ocean_disable_heading":"default","ocean_post_title":"","ocean_post_subheading":"","ocean_post_title_style":"","ocean_post_title_background_color":"","ocean_post_title_background":0,"ocean_post_title_bg_image_position":"","ocean_post_title_bg_image_attachment":"","ocean_post_title_bg_image_repeat":"","ocean_post_title_bg_image_size":"","ocean_post_title_height":0,"ocean_post_title_bg_overlay":0.5,"ocean_post_title_bg_overlay_color":"","ocean_disable_breadcrumbs":"default","ocean_breadcrumbs_color":"","ocean_breadcrumbs_separator_color":"","ocean_breadcrumbs_links_color":"","ocean_breadcrumbs_links_hover_color":"","ocean_display_footer_widgets":"default","ocean_display_footer_bottom":"default","ocean_custom_footer_template":"","footnotes":""},"class_list":["post-120","page","type-page","status-publish","hentry","entry"],"_links":{"self":[{"href":"https:\/\/aximainformatique.com\/index.php\/wp-json\/wp\/v2\/pages\/120","targetHints":{"allow":["GET"]}}],"collection":[{"href":"https:\/\/aximainformatique.com\/index.php\/wp-json\/wp\/v2\/pages"}],"about":[{"href":"https:\/\/aximainformatique.com\/index.php\/wp-json\/wp\/v2\/types\/page"}],"author":[{"embeddable":true,"href":"https:\/\/aximainformatique.com\/index.php\/wp-json\/wp\/v2\/users\/1"}],"replies":[{"embeddable":true,"href":"https:\/\/aximainformatique.com\/index.php\/wp-json\/wp\/v2\/comments?post=120"}],"version-history":[{"count":11,"href":"https:\/\/aximainformatique.com\/index.php\/wp-json\/wp\/v2\/pages\/120\/revisions"}],"predecessor-version":[{"id":495,"href":"https:\/\/aximainformatique.com\/index.php\/wp-json\/wp\/v2\/pages\/120\/revisions\/495"}],"wp:attachment":[{"href":"https:\/\/aximainformatique.com\/index.php\/wp-json\/wp\/v2\/media?parent=120"}],"curies":[{"name":"wp","href":"https:\/\/api.w.org\/{rel}","templated":true}]}}