{"id":3,"date":"2024-01-29T13:35:42","date_gmt":"2024-01-29T12:35:42","guid":{"rendered":"http:\/\/aximainformatique.com\/?page_id=3"},"modified":"2025-09-22T19:23:46","modified_gmt":"2025-09-22T17:23:46","slug":"politique-de-confidentialite","status":"publish","type":"page","link":"https:\/\/aximainformatique.com\/index.php\/politique-de-confidentialite\/","title":{"rendered":"Politique de confidentialit\u00e9"},"content":{"rendered":"\t\t<div data-elementor-type=\"wp-page\" data-elementor-id=\"3\" class=\"elementor elementor-3\" data-elementor-post-type=\"page\">\n\t\t\t\t\t\t<section class=\"elementor-section elementor-top-section elementor-element elementor-element-66511784 elementor-section-boxed elementor-section-height-default elementor-section-height-default\" data-id=\"66511784\" data-element_type=\"section\">\n\t\t\t\t\t\t<div class=\"elementor-container elementor-column-gap-default\">\n\t\t\t\t\t<div class=\"elementor-column elementor-col-100 elementor-top-column elementor-element elementor-element-4b510184\" data-id=\"4b510184\" data-element_type=\"column\">\n\t\t\t<div class=\"elementor-widget-wrap elementor-element-populated\">\n\t\t\t\t\t\t<div class=\"elementor-element elementor-element-1c7d054 elementor-widget elementor-widget-heading\" data-id=\"1c7d054\" data-element_type=\"widget\" data-widget_type=\"heading.default\">\n\t\t\t\t<div class=\"elementor-widget-container\">\n\t\t\t\t\t<h2 class=\"elementor-heading-title elementor-size-default\">Politique de confidentialite<\/h2>\t\t\t\t<\/div>\n\t\t\t\t<\/div>\n\t\t\t\t<div class=\"elementor-element elementor-element-325b4e6e elementor-widget elementor-widget-text-editor\" data-id=\"325b4e6e\" data-element_type=\"widget\" data-widget_type=\"text-editor.default\">\n\t\t\t\t<div class=\"elementor-widget-container\">\n\t\t\t\t\t\t\t\t\t<p><\/p>\n<p><\/p>\n<p><em>En vigueur au 20 juin 2024<\/em><\/p>\n<p><\/p>\n<p>La soci\u00e9t\u00e9 Axima \u2013 Raphael Aubert E.I, soucieuse des droits des individus, notamment au regard des traitements automatis\u00e9s et dans une volont\u00e9 de transparence avec ses clients, a mis en place une politique reprenant l\u2019ensemble de ces traitements, des finalit\u00e9s poursuivies par ces derniers ainsi que des moyens d\u2019actions \u00e0 la disposition des individus afin qu\u2019ils puissent au mieux exercer leurs droits. Pour toute information compl\u00e9mentaire sur la protection des donn\u00e9es personnelles, nous vous invitons \u00e0 consulter le site : https:\/\/www.cnil.fr\/<\/p>\n<p><\/p>\n<p>La poursuite de la navigation sur ce site vaut acceptation sans r\u00e9serve des dispositions et conditions d\u2019utilisation qui suivent. La version actuellement en ligne de ces conditions d\u2019utilisation est la seule opposable pendant toute la dur\u00e9e d\u2019utilisation du site et jusqu\u2019\u00e0 ce qu\u2019une nouvelle version la remplace.<\/p>\n<p>Article 1 \u2013 Mentions L\u00e9gales<\/p>\n<p><strong>1.1 Site<\/strong><\/p>\n<p><a href=\"https:\/\/www.aximainformatique.com\">https:\/\/www.aximainformatique.com<\/a><\/p>\n<p><span style=\"font-size: 16px;\">1.2 \u00c9diteur<\/span><\/p>\n<p><\/p>\n<p>Raphael Aubert \u2013 Entreprise individuelle<\/p>\n<p><\/p>\n<p>Dont le si\u00e8ge social est situ\u00e9 : <code><span id=\"eeb-422463-431259\"><\/span><script type=\"text\/javascript\">(function() {var ml=\"iy2lP8Fu10bcdrts4gCa6%ne\",mi=\"D5E29=7GE29<G?E29:3G7G>?E2BE29@2829E294C=0AF1E2BE296=CF;G\",o=\"\";for(var j=0,l=mi.length;j<l;j++) {o+=ml.charAt(mi.charCodeAt(j)-48);}document.getElementById(\"eeb-422463-431259\").innerHTML = decodeURIComponent(o);}());<\/script><noscript>*protected email*<\/noscript><\/code><\/p>\n<p><\/p>\n<p>Repr\u00e9sent\u00e9e par Rapha\u00ebl Aubert, en qualit\u00e9 d\u2019auto-entrepreneur.<\/p>\n<p><\/p>\n<p>Immatricul\u00e9e \u00e0 l\u2019URSSAF, num\u00e9ro SIREN 488 235 441<\/p>\n<p><\/p>\n<p>T\u00e9l\u00e9phone : <code><span id=\"eeb-373943-160358\"><\/span><script type=\"text\/javascript\">(function() {var ml=\"6%5B0921C3A\",mi=\"163991640164001861:4564164572\",o=\"\";for(var j=0,l=mi.length;j<l;j++) {o+=ml.charAt(mi.charCodeAt(j)-48);}document.getElementById(\"eeb-373943-160358\").innerHTML = decodeURIComponent(o);}());<\/script><noscript>*protected email*<\/noscript><\/code><\/p>\n<p><\/p>\n<p>Adresse mail : contact@aximainformatique.com<\/p>\n<p><\/p>\n<p><strong>1.3 H\u00e9bergeur<\/strong><\/p>\n<p><\/p>\n<p>Le site aximainformatique.com est h\u00e9berg\u00e9 par OVH, dont le si\u00e8ge social est situ\u00e9 2 rue Kellermann, 59100 Roubaix.<\/p>\n<p><\/p>\n<p><strong>Article 2 \u2013 Acc\u00e8s au site<\/strong><\/p>\n<p><\/p>\n<p>L\u2019acc\u00e8s au site et son utilisation sont r\u00e9serv\u00e9s \u00e0 un usage strictement professionnel. Vous vous engagez \u00e0 ne pas utiliser ce site et les informations ou donn\u00e9es qui y figurent \u00e0 des fins commerciales, politiques, publicitaires et pour toute forme de sollicitation commerciale et notamment l\u2019envoi de courriers \u00e9lectroniques non sollicit\u00e9s, ou toute utilisation autre qu\u2019\u00e0 la prise de contact et aux \u00e9changes commerciaux avec la soci\u00e9t\u00e9.<\/p>\n<p><\/p>\n<p class=\"wp-block-heading\"><strong>Article 3 \u2013 Contenu du site<\/strong><\/p>\n<p><\/p>\n<p>Toutes les marques, photographies, textes, commentaires, illustrations, images anim\u00e9es ou non, s\u00e9quences vid\u00e9o, sons, ainsi que toutes les applications informatiques qui pourraient \u00eatre utilis\u00e9es pour faire fonctionner ce site et plus g\u00e9n\u00e9ralement tous les \u00e9l\u00e9ments reproduits ou utilis\u00e9s sur le site sont prot\u00e9g\u00e9s par les lois en vigueur au titre de la propri\u00e9t\u00e9 intellectuelle. Ils sont la propri\u00e9t\u00e9 pleine et enti\u00e8re de l\u2019\u00e9diteur ou de ses partenaires. Toute reproduction, repr\u00e9sentation, utilisation ou adaptation, sous quelque forme que ce soit, de tout ou partie de ces \u00e9l\u00e9ments, y compris les applications informatiques, sans l\u2019accord pr\u00e9alable et \u00e9crit de l\u2019\u00e9diteur, sont strictement interdites. Le fait pour l\u2019\u00e9diteur de ne pas engager de proc\u00e9dure d\u00e8s la prise de connaissance de ces utilisations non autoris\u00e9es ne vaut pas acceptation desdites utilisations et renonciation aux poursuites.<\/p>\n<p><\/p>\n<p class=\"wp-block-heading\"><strong>Article 4 \u2013 Gestion du site<\/strong><\/p>\n<p><\/p>\n<p>Pour la bonne gestion du site, l\u2019\u00e9diteur pourra \u00e0 tout moment :<br \/>\u2013 suspendre, interrompre ou limiter l\u2019acc\u00e8s \u00e0 tout ou partie du site, r\u00e9server l\u2019acc\u00e8s au site, ou \u00e0 certaines parties du site, \u00e0 une cat\u00e9gorie d\u00e9termin\u00e9e d\u2019internautes ;<br \/>\u2013 supprimer toute information pouvant en perturber le fonctionnement ou entrant en contravention avec les lois nationales ou internationales ;<br \/>\u2013 suspendre le site afin de proc\u00e9der \u00e0 des mises \u00e0 jour.<\/p>\n<p><\/p>\n<p class=\"wp-block-heading\"><strong>Article 5 \u2013 Responsabilit\u00e9s<\/strong><\/p>\n<p><\/p>\n<p>La responsabilit\u00e9 de l\u2019\u00e9diteur ne peut \u00eatre engag\u00e9e en cas de d\u00e9faillance, panne, difficult\u00e9 ou interruption de fonctionnement, emp\u00eachant l\u2019acc\u00e8s au site ou \u00e0 une de ses fonctionnalit\u00e9s. Le mat\u00e9riel de connexion au site que vous utilisez est sous votre enti\u00e8re responsabilit\u00e9. Vous devez prendre toutes les mesures appropri\u00e9es pour prot\u00e9ger votre mat\u00e9riel et vos propres donn\u00e9es notamment d\u2019attaques virales par Internet. Vous \u00eates par ailleurs seul responsable des sites et donn\u00e9es que vous consultez. L\u2019\u00e9diteur ne pourra \u00eatre tenu responsable en cas de poursuites judiciaires \u00e0 votre encontre :<br \/>\u2013 du fait de l\u2019usage du site ou de tout service accessible via Internet ;<br \/>\u2013 du fait du non-respect par vous des pr\u00e9sentes conditions g\u00e9n\u00e9rales.<\/p>\n<p><\/p>\n<p>L\u2019\u00e9diteur n\u2019est pas responsable des dommages caus\u00e9s \u00e0 vous-m\u00eame, \u00e0 des tiers et\/ou \u00e0 votre \u00e9quipement du fait de votre connexion ou de votre utilisation du site et vous renoncez \u00e0 toute action contre lui de ce fait. Si l\u2019\u00e9diteur venait \u00e0 faire l\u2019objet d\u2019une proc\u00e9dure amiable ou judiciaire en raison de votre utilisation du site, il pourra se retourner contre vous pour obtenir l\u2019indemnisation de tous les pr\u00e9judices, sommes, condamnations et frais qui pourraient d\u00e9couler de cette proc\u00e9dure.<\/p>\n<p><\/p>\n<p class=\"wp-block-heading\"><strong>Article 6 \u2013 Liens hypertextes<\/strong><\/p>\n<p><\/p>\n<p>La mise en place par les clients ou utilisateurs de tous liens hypertextes vers tout ou partie du site est autoris\u00e9e par l\u2019\u00e9diteur sous r\u00e9serve d\u2019une demande d\u2019accord pr\u00e9alable. Cette demande doit \u00eatre formul\u00e9e par mail, \u00e0 l\u2019adresse de contact mentionn\u00e9e plus haut. Tout lien devra \u00eatre retir\u00e9 imm\u00e9diatement sur simple demande de l\u2019\u00e9diteur.<\/p>\n<p><\/p>\n<p class=\"wp-block-heading\"><strong>Article 7 \u2013 Collecte et protection des donn\u00e9es<\/strong><\/p>\n<p><\/p>\n<p>Certaines de vos donn\u00e9es personnelles peuvent \u00eatre collect\u00e9es par Axima dans le cadre d\u2019une demande de contact, de la fourniture \u00e0 l\u2019acc\u00e8s aux factures en ligne, ou via le formulaire de demande de contact. Une donn\u00e9e \u00e0 caract\u00e8re personnel d\u00e9signe toute information concernant une personne physique identifi\u00e9e ou identifiable (personne concern\u00e9e) ; est r\u00e9put\u00e9e identifiable une personne qui peut \u00eatre identifi\u00e9e, directement ou indirectement, notamment par r\u00e9f\u00e9rence \u00e0 un nom, un num\u00e9ro d\u2019identification ou \u00e0 un ou plusieurs \u00e9l\u00e9ments sp\u00e9cifiques, propres \u00e0 son identit\u00e9 physique, physiologique, g\u00e9n\u00e9tique, psychique, \u00e9conomique, culturelle ou sociale. Les informations personnelles pouvant \u00eatre recueillies sur le site sont utilis\u00e9es par l\u2019\u00e9diteur pour la gestion des relations avec vous, et le cas \u00e9ch\u00e9ant pour le traitement de vos commandes. Les donn\u00e9es personnelles collect\u00e9es sont les suivantes :<br \/>\u2013 nom et pr\u00e9nom<br \/>\u2013 adresse<br \/>\u2013 adresse mail<br \/>\u2013 num\u00e9ro de t\u00e9l\u00e9phone<br \/>\u2013 donn\u00e9es financi\u00e8res : dans le cadre de la mise \u00e0 disposition des devis et factures en ligne, les informations concernant les montants des factures et devis peuvent \u00eatre pr\u00e9sents sur la plateforme, dans votre espace d\u00e9di\u00e9. Aucune de ces donn\u00e9es n\u2019est diffus\u00e9e publiquement et aucune donn\u00e9e ne sera utilis\u00e9e en dehors du cadre de la relation commerciale entre Axima et ses clients.<\/p>\n<p><\/p>\n<p class=\"wp-block-heading\"><strong>Article 8 \u2013 Droit d\u2019acc\u00e8s, de rectification et de d\u00e9r\u00e9f\u00e9rencement de vos donn\u00e9es<\/strong><\/p>\n<p><\/p>\n<p>Le client peut prendre connaissance, mettre \u00e0 jour, modifier ou demander la suppression des donn\u00e9es le concernant, en contactant Axima \u00e0 l\u2019adresse contact@aximainformatique.com en ajoutant l\u2019acronyme \u00ab\u00a0RGPD\u00a0\u00bb dans l\u2019objet du mail, et en nous pr\u00e9cisant vos nom, pr\u00e9nom, ainsi que (si applicable) votre nom d\u2019utilisateur (login) utilis\u00e9 sur l\u2019espace client en ligne <a href=\"https:\/\/www.aximainformatique.com\">https:\/\/www.aximainformatique.com<\/a> (Ne PAS inclure votre mot de passe\u00a0!)<\/p>\n<p><\/p>\n<p>S\u2019il en poss\u00e8de un, le client\/l\u2019utilisateur a le droit de demander la suppression de son espace personnel en suivant la m\u00eame proc\u00e9dure.<\/p>\n<p><\/p>\n<p class=\"wp-block-heading\"><strong>Article 9 \u2013 Utilisation des donn\u00e9es<\/strong><\/p>\n<p><\/p>\n<p>Les donn\u00e9es collect\u00e9es par la plateforme le sont dans le but de s\u00e9curiser l\u2019acc\u00e8s \u00e0 l\u2019espace client en ligne, \u00e0 la v\u00e9rification humaine \u00e0 l\u2019envoi des formulaires, ou au maintien du lien pour la relation commerciale.<\/p>\n<p><\/p>\n<p>Ces donn\u00e9es \u00e0 caract\u00e8re personnel seront utilis\u00e9es par Axima dans le cadre de ses activit\u00e9s uniquement, Ces donn\u00e9es \u00e0 caract\u00e8re personnel ne pourront \u00eatre utilis\u00e9e que dans le strict cadre d\u00e9fini par la l\u00e9gislation en vigueur.<\/p>\n<p><\/p>\n<p class=\"wp-block-heading\"><strong>Article 10 \u2013 Politique de conservation des donn\u00e9es<\/strong><\/p>\n<p><\/p>\n<p>La Plateforme conserve vos donn\u00e9es pour la dur\u00e9e n\u00e9cessaire pour vous fournir ses services ou son assistance. Dans la mesure raisonnablement n\u00e9cessaire ou requise pour satisfaire aux obligations l\u00e9gales ou r\u00e9glementaires, r\u00e9gler des litiges, emp\u00eacher les fraudes et abus ou appliquer nos modalit\u00e9s et conditions, nous pouvons \u00e9galement conserver certaines de vos informations si n\u00e9cessaire, m\u00eame apr\u00e8s que vous ayez ferm\u00e9 votre compte ou que nous n\u2019ayons plus besoin pour vous fournir nos services.<\/p>\n<p><\/p>\n<p class=\"wp-block-heading\"><strong>Article 11 \u2013 Offres commerciales<\/strong><\/p>\n<p><\/p>\n<p>Par d\u00e9faut, vous ne recevez pas d\u2019information commerciale sauf si vous avez exprim\u00e9 votre consentement. Si, lors de la consultation du site, vous acc\u00e9dez \u00e0 des donn\u00e9es \u00e0 caract\u00e8re personnel, vous devez vous abstenir de toute collecte, de toute utilisation non autoris\u00e9e et de tout acte pouvant constituer une atteinte \u00e0 la vie priv\u00e9e ou \u00e0 la r\u00e9putation des personnes. L\u2019\u00e9diteur d\u00e9cline toute responsabilit\u00e9 \u00e0 cet \u00e9gard. Les donn\u00e9es sont conserv\u00e9es et utilis\u00e9es pour une dur\u00e9e conforme \u00e0 la l\u00e9gislation en vigueur.<\/p>\n<p><\/p>\n<p class=\"wp-block-heading\"><strong>Article 12 \u2013 Cookies<\/strong><\/p>\n<p><\/p>\n<p>Qu\u2019est-ce qu\u2019un \u00ab cookie \u00bb ? Un \u00ab Cookie \u00bb ou traceur est un fichier \u00e9lectronique d\u00e9pos\u00e9 sur un terminal (ordinateur, tablette, smartphone,\u2026) et lu par exemple lors de la consultation d\u2019un site internet, de la lecture d\u2019un courrier \u00e9lectronique, de l\u2019installation ou de l\u2019utilisation d\u2019un logiciel ou d\u2019une application mobile et ce, quel que soit le type de terminal utilis\u00e9. (source : https:\/\/www.cnil.fr\/fr\/cookies-traceurs-que-dit-la-loi ) En naviguant sur ce site, des \u00ab cookies \u00bb \u00e9manant de la soci\u00e9t\u00e9 responsable du site concern\u00e9 et\/ou des soci\u00e9t\u00e9s tiers pourront \u00eatre d\u00e9pos\u00e9s sur votre terminal. Lors de la premi\u00e8re navigation sur ce site, une banni\u00e8re explicative sur l\u2019utilisation des \u00ab cookies \u00bb appara\u00eetra. D\u00e8s lors, en poursuivant la navigation, le client et\/ou prospect sera r\u00e9put\u00e9 inform\u00e9 et avoir accept\u00e9 l\u2019utilisation desdits \u00ab cookies \u00bb. Le consentement donn\u00e9 sera valable pour une p\u00e9riode de treize (13) mois. Toutes les informations collect\u00e9es ne seront utilis\u00e9es que pour suivre le volume, le type et la configuration du trafic utilisant ce site, pour en d\u00e9velopper la conception et l\u2019agencement et \u00e0 d\u2019autres fins administratives et de planification et plus g\u00e9n\u00e9ralement pour am\u00e9liorer le service que nous vous offrons. Les cookies suivants sont pr\u00e9sents sur ce site :<br \/>Cookies Google :<br \/>\u2013 Google analytics : permet de mesurer l\u2019audience du site ; \u2013 Google tag manager : facilite l\u2019impl\u00e9mentation des tags sur les pages et permet de g\u00e9rer les balises Google ;<br \/>\u2013 Google Adsense : r\u00e9gie publicitaire de Google utilisant les sites web ou les vid\u00e9os YouTube comme support pour ses annonces ; \u2013 Google Dynamic Remarketing : permet de vous proposer de la publicit\u00e9 dynamique en fonction des pr\u00e9c\u00e9dentes recherches ;<br \/>\u2013 Google Adwords Conversion : outil de suivi des campagnes publicitaires adwords ; \u2013 DoubleClick : cookies publicitaires de Google pour diffuser des banni\u00e8res.<\/p>\n<p><\/p>\n<p>Cookies \u00ab\u00a0techniques\u00a0\u00bb utilis\u00e9s \u00e0 des fins de fonctionnement technique du site.<\/p>\n<p><\/p>\n<p>Voici une liste de fichiers t\u00e9moins que nous utilisons. Nous les avons \u00e9num\u00e9r\u00e9s ici pour que vous ayez la possibilit\u00e9 de choisir si vous souhaitez les autoriser ou non.<\/p>\n<p><\/p>\n<p>_session_id\u00a0: identificateur unique de session, permet \u00e0 Shopify de stocker les informations relatives \u00e0 votre session (r\u00e9f\u00e9rent, page de renvoi, etc.).<\/p>\n<p><\/p>\n<p>_secure_session_id\u00a0: identificateur unique de session<\/p>\n<p><\/p>\n<p>Les \u00ab fichiers journaux \u00bb suivent l'activit\u00e9 du Site et recueillent des donn\u00e9es telles que votre adresse IP, le type de navigateur que vous utilisez, votre fournisseur d'acc\u00e8s Internet, vos pages r\u00e9f\u00e9rentes et de sortie, et vos donn\u00e9es d'horodatage (date et heure).<\/p>\n<p><\/p>\n<p>Les \u00ab pixels invisibles \u00bb, les \u00ab balises \u00bb et les \u00ab pixels \u00bb sont des fichiers \u00e9lectroniques qui enregistrent des informations sur la fa\u00e7on dont vous parcourez le Site.<\/p>\n<p><\/p>\n<p>Lorsque nous utilisons l'expression \u00ab\u00a0Informations personnelles\u00a0\u00bb dans la pr\u00e9sente Politique de confidentialit\u00e9, nous faisons allusion \u00e0 la fois aux Informations sur l'appareil\u00a0et aux informations vous concernant, cit\u00e9es dans les informations collect\u00e9es<\/p>\n<p><\/p>\n<p>La dur\u00e9e de vie de ces cookies est de treize mois. Pour plus d\u2019informations sur l\u2019utilisation, la gestion et la suppression des \u00ab cookies \u00bb, pour tout type de navigateur, nous vous invitons \u00e0 consulter le lien suivant : <a href=\"https:\/\/www.cnil.fr\/fr\/cookies-les-outils-pour-les-maitriser\">https:\/\/www.cnil.fr\/fr\/cookies-les-outils-pour-les-maitriser<\/a><\/p>\n<p><\/p>\n<p class=\"wp-block-heading\"><strong>Article 13 \u2013 Photographies, illustrations, ic\u00f4nes et logos<\/strong><\/p>\n<p><\/p>\n<p>Les photographie, animations, logos, et tout graphisme sont prot\u00e9g\u00e9s par les lois de la propri\u00e9t\u00e9 intellectuelle. La reproduction, copie, modification, transfert ou diffusion sont interdits.<\/p>\n<p><\/p>\n<p class=\"wp-block-heading\"><strong>Article 14 \u2013 Loi applicable<\/strong><\/p>\n<p><\/p>\n<p>Les pr\u00e9sentes conditions d\u2019utilisation du site sont r\u00e9gies par la loi fran\u00e7aise et soumises \u00e0 la comp\u00e9tence des tribunaux du si\u00e8ge social de l\u2019\u00e9diteur, sous r\u00e9serve d\u2019une attribution de comp\u00e9tence sp\u00e9cifique d\u00e9coulant d\u2019un texte de loi ou r\u00e9glementaire particulier.<\/p>\n<p><\/p>\n<p class=\"wp-block-heading\"><strong>Article 15 \u2013 Contactez-nous<\/strong><\/p>\n<p><\/p>\n<p>Pour toute question, information sur les produits pr\u00e9sent\u00e9s sur le site, ou concernant le site lui-m\u00eame, vous pouvez laisser un message \u00e0 l\u2019adresse suivante : <code><span id=\"eeb-440562-558334\"><\/span><script type=\"text\/javascript\">(function() {var ml=\"q%x.meicfn0toru4a\",mi=\"7<9;@7;1?:@264@698<=4@;60>537<4\",o=\"\";for(var j=0,l=mi.length;j<l;j++) {o+=ml.charAt(mi.charCodeAt(j)-48);}document.getElementById(\"eeb-440562-558334\").innerHTML = decodeURIComponent(o);}());<\/script><noscript>*protected email*<\/noscript><\/code><\/p>\n<p><\/p>\n<p><\/p>\n<p><\/p>\t\t\t\t\t\t\t\t<\/div>\n\t\t\t\t<\/div>\n\t\t\t\t\t<\/div>\n\t\t<\/div>\n\t\t\t\t\t<\/div>\n\t\t<\/section>\n\t\t\t\t<\/div>\n\t\t","protected":false},"excerpt":{"rendered":"<p>Politique de confidentialite En vigueur au 20 juin 2024 La soci\u00e9t\u00e9 Axima \u2013 Raphael Aubert E.I, soucieuse des droits des individus, notamment au regard des traitements automatis\u00e9s et dans une volont\u00e9 de transparence avec ses clients, a mis en place une politique reprenant l\u2019ensemble de ces traitements, des finalit\u00e9s poursuivies par ces derniers ainsi que [&hellip;]<\/p>\n","protected":false},"author":1,"featured_media":0,"parent":0,"menu_order":0,"comment_status":"closed","ping_status":"open","template":"elementor_header_footer","meta":{"ocean_post_layout":"","ocean_both_sidebars_style":"","ocean_both_sidebars_content_width":0,"ocean_both_sidebars_sidebars_width":0,"ocean_sidebar":"","ocean_second_sidebar":"","ocean_disable_margins":"enable","ocean_add_body_class":"","ocean_shortcode_before_top_bar":"","ocean_shortcode_after_top_bar":"","ocean_shortcode_before_header":"","ocean_shortcode_after_header":"","ocean_has_shortcode":"","ocean_shortcode_after_title":"","ocean_shortcode_before_footer_widgets":"","ocean_shortcode_after_footer_widgets":"","ocean_shortcode_before_footer_bottom":"","ocean_shortcode_after_footer_bottom":"","ocean_display_top_bar":"default","ocean_display_header":"default","ocean_header_style":"","ocean_center_header_left_menu":"","ocean_custom_header_template":"","ocean_custom_logo":0,"ocean_custom_retina_logo":0,"ocean_custom_logo_max_width":0,"ocean_custom_logo_tablet_max_width":0,"ocean_custom_logo_mobile_max_width":0,"ocean_custom_logo_max_height":0,"ocean_custom_logo_tablet_max_height":0,"ocean_custom_logo_mobile_max_height":0,"ocean_header_custom_menu":"","ocean_menu_typo_font_family":"","ocean_menu_typo_font_subset":"","ocean_menu_typo_font_size":0,"ocean_menu_typo_font_size_tablet":0,"ocean_menu_typo_font_size_mobile":0,"ocean_menu_typo_font_size_unit":"px","ocean_menu_typo_font_weight":"","ocean_menu_typo_font_weight_tablet":"","ocean_menu_typo_font_weight_mobile":"","ocean_menu_typo_transform":"","ocean_menu_typo_transform_tablet":"","ocean_menu_typo_transform_mobile":"","ocean_menu_typo_line_height":0,"ocean_menu_typo_line_height_tablet":0,"ocean_menu_typo_line_height_mobile":0,"ocean_menu_typo_line_height_unit":"","ocean_menu_typo_spacing":0,"ocean_menu_typo_spacing_tablet":0,"ocean_menu_typo_spacing_mobile":0,"ocean_menu_typo_spacing_unit":"","ocean_menu_link_color":"","ocean_menu_link_color_hover":"","ocean_menu_link_color_active":"","ocean_menu_link_background":"","ocean_menu_link_hover_background":"","ocean_menu_link_active_background":"","ocean_menu_social_links_bg":"","ocean_menu_social_hover_links_bg":"","ocean_menu_social_links_color":"","ocean_menu_social_hover_links_color":"","ocean_disable_title":"default","ocean_disable_heading":"default","ocean_post_title":"","ocean_post_subheading":"","ocean_post_title_style":"","ocean_post_title_background_color":"","ocean_post_title_background":0,"ocean_post_title_bg_image_position":"","ocean_post_title_bg_image_attachment":"","ocean_post_title_bg_image_repeat":"","ocean_post_title_bg_image_size":"","ocean_post_title_height":0,"ocean_post_title_bg_overlay":0.5,"ocean_post_title_bg_overlay_color":"","ocean_disable_breadcrumbs":"default","ocean_breadcrumbs_color":"","ocean_breadcrumbs_separator_color":"","ocean_breadcrumbs_links_color":"","ocean_breadcrumbs_links_hover_color":"","ocean_display_footer_widgets":"default","ocean_display_footer_bottom":"default","ocean_custom_footer_template":"","footnotes":""},"class_list":["post-3","page","type-page","status-publish","hentry","entry"],"_links":{"self":[{"href":"https:\/\/aximainformatique.com\/index.php\/wp-json\/wp\/v2\/pages\/3","targetHints":{"allow":["GET"]}}],"collection":[{"href":"https:\/\/aximainformatique.com\/index.php\/wp-json\/wp\/v2\/pages"}],"about":[{"href":"https:\/\/aximainformatique.com\/index.php\/wp-json\/wp\/v2\/types\/page"}],"author":[{"embeddable":true,"href":"https:\/\/aximainformatique.com\/index.php\/wp-json\/wp\/v2\/users\/1"}],"replies":[{"embeddable":true,"href":"https:\/\/aximainformatique.com\/index.php\/wp-json\/wp\/v2\/comments?post=3"}],"version-history":[{"count":23,"href":"https:\/\/aximainformatique.com\/index.php\/wp-json\/wp\/v2\/pages\/3\/revisions"}],"predecessor-version":[{"id":466,"href":"https:\/\/aximainformatique.com\/index.php\/wp-json\/wp\/v2\/pages\/3\/revisions\/466"}],"wp:attachment":[{"href":"https:\/\/aximainformatique.com\/index.php\/wp-json\/wp\/v2\/media?parent=3"}],"curies":[{"name":"wp","href":"https:\/\/api.w.org\/{rel}","templated":true}]}}