{"id":7,"date":"2024-01-29T19:58:57","date_gmt":"2024-01-29T18:58:57","guid":{"rendered":"https:\/\/aximainformatique.com\/?page_id=7"},"modified":"2025-09-23T01:03:40","modified_gmt":"2025-09-22T23:03:40","slug":"axima-informatique","status":"publish","type":"page","link":"https:\/\/aximainformatique.com\/","title":{"rendered":"Accueil"},"content":{"rendered":"\t\t<div data-elementor-type=\"wp-page\" data-elementor-id=\"7\" class=\"elementor elementor-7\" data-elementor-post-type=\"page\">\n\t\t\t\t\t\t<section class=\"elementor-section elementor-top-section elementor-element elementor-element-f314b7a elementor-section-height-min-height elementor-section-boxed elementor-section-height-default elementor-section-items-middle\" data-id=\"f314b7a\" data-element_type=\"section\" data-settings=\"{&quot;background_background&quot;:&quot;classic&quot;}\">\n\t\t\t\t\t\t\t<div class=\"elementor-background-overlay\"><\/div>\n\t\t\t\t\t\t\t<div class=\"elementor-container elementor-column-gap-default\">\n\t\t\t\t\t<div class=\"elementor-column elementor-col-100 elementor-top-column elementor-element elementor-element-1b0bc66\" data-id=\"1b0bc66\" data-element_type=\"column\">\n\t\t\t<div class=\"elementor-widget-wrap elementor-element-populated\">\n\t\t\t\t\t\t<div class=\"elementor-element elementor-element-92ca049 elementor-widget elementor-widget-image\" data-id=\"92ca049\" data-element_type=\"widget\" data-widget_type=\"image.default\">\n\t\t\t\t<div class=\"elementor-widget-container\">\n\t\t\t\t\t\t\t\t\t\t\t\t\t\t\t<img decoding=\"async\" src=\"https:\/\/aximainformatique.com\/wp-content\/uploads\/2025\/09\/6-scaled.png\" title=\"6\" alt=\"6\" loading=\"lazy\" \/>\t\t\t\t\t\t\t\t\t\t\t\t\t\t\t<\/div>\n\t\t\t\t<\/div>\n\t\t\t\t<div class=\"elementor-element elementor-element-422a4cf elementor-widget elementor-widget-heading\" data-id=\"422a4cf\" data-element_type=\"widget\" data-widget_type=\"heading.default\">\n\t\t\t\t<div class=\"elementor-widget-container\">\n\t\t\t\t\t<span class=\"elementor-heading-title elementor-size-default\">INFORMATIQUE<\/span>\t\t\t\t<\/div>\n\t\t\t\t<\/div>\n\t\t\t\t\t<\/div>\n\t\t<\/div>\n\t\t\t\t\t<\/div>\n\t\t<\/section>\n\t\t\t\t<section class=\"elementor-section elementor-top-section elementor-element elementor-element-e9cf5fb elementor-section-boxed elementor-section-height-default elementor-section-height-default\" data-id=\"e9cf5fb\" data-element_type=\"section\" data-settings=\"{&quot;background_background&quot;:&quot;classic&quot;}\">\n\t\t\t\t\t\t<div class=\"elementor-container elementor-column-gap-default\">\n\t\t\t\t\t<div class=\"elementor-column elementor-col-100 elementor-top-column elementor-element elementor-element-81fbfa2\" data-id=\"81fbfa2\" data-element_type=\"column\">\n\t\t\t<div class=\"elementor-widget-wrap elementor-element-populated\">\n\t\t\t\t\t\t<div class=\"elementor-element elementor-element-f07b69f elementor-widget elementor-widget-text-editor\" data-id=\"f07b69f\" data-element_type=\"widget\" data-widget_type=\"text-editor.default\">\n\t\t\t\t<div class=\"elementor-widget-container\">\n\t\t\t\t\t\t\t\t\t<p>Axima, c&rsquo;est plus de 25 ans d&rsquo;exp\u00e9rience en conseil, installation, maintenance, micro-infog\u00e9rance, et services informatiques aupr\u00e8s des professionnels.<\/p><p><!-- \/wp:paragraph --><!-- wp:paragraph --><\/p><p>Nous vous accompagnons de l&rsquo;\u00e9tude de vos besoins, au d\u00e9ploiement de vos solutions et infrastructures, avec pour souci de vous aider \u00e0 vous concentrer sur votre activit\u00e9, en vous proposant des moyens techniques adapt\u00e9s \u00e0 vos besoins et \u00e0 vos m\u00e9thodes de travail.<\/p><p>Nous intervenons sur :<\/p><ul><li>Les postes de travail, serveurs, imprimantes&#8230;<\/li><li>Le r\u00e9seau (C\u00e2blage, WiFi, Routeurs, Switchs, firewalls)<\/li><li>Les solutions de communication unifi\u00e9es<\/li><li>Le conseil en mat\u00e9riels et logiciels<\/li><li>La maintenance pr\u00e9ventive et curative<\/li><li>La s\u00e9curisation de vos donn\u00e9es<\/li><li>L&rsquo;assistance aux utilisateurs<\/li><\/ul><p><!-- \/wp:paragraph --><!-- wp:paragraph --><\/p><p>Parce que l&rsquo;outil informatique doit vous faire gagner du temps, et ne pas \u00eatre un frein \u00e0 votre croissance, nous mettons l&rsquo;accent sur l&rsquo;\u00e9coute et l&rsquo;adaptation de nos offres de services pour r\u00e9pondre aux besoins de votre organisation.<\/p><p>C&rsquo;est pour cette raison que vous ne trouverez pas d&rsquo;offre packag\u00e9e, car chaque organisation dispose de ses propres m\u00e9thodes, probl\u00e9matiques, et approches diff\u00e9rentes.<\/p><p class=\"has-text-align-center\">Axima, la tech sans tracas<\/p><p><!-- \/wp:paragraph --><!-- wp:image {\"id\":22,\"width\":\"349px\",\"height\":\"auto\",\"sizeSlug\":\"full\",\"linkDestination\":\"none\",\"align\":\"center\"} --><\/p><p><!-- \/wp:paragraph --><!-- wp:paragraph --><\/p>\t\t\t\t\t\t\t\t<\/div>\n\t\t\t\t<\/div>\n\t\t\t\t\t<\/div>\n\t\t<\/div>\n\t\t\t\t\t<\/div>\n\t\t<\/section>\n\t\t\t\t<section class=\"elementor-section elementor-top-section elementor-element elementor-element-49abca8 elementor-section-boxed elementor-section-height-default elementor-section-height-default\" data-id=\"49abca8\" data-element_type=\"section\">\n\t\t\t\t\t\t<div class=\"elementor-container elementor-column-gap-default\">\n\t\t\t\t\t<div class=\"elementor-column elementor-col-100 elementor-top-column elementor-element elementor-element-e081b32\" data-id=\"e081b32\" data-element_type=\"column\">\n\t\t\t<div class=\"elementor-widget-wrap elementor-element-populated\">\n\t\t\t\t\t\t<div class=\"elementor-element elementor-element-c352a6f elementor-widget elementor-widget-image\" data-id=\"c352a6f\" data-element_type=\"widget\" data-widget_type=\"image.default\">\n\t\t\t\t<div class=\"elementor-widget-container\">\n\t\t\t\t\t\t\t\t\t\t\t\t\t\t\t<img decoding=\"async\" src=\"https:\/\/aximainformatique.com\/wp-content\/uploads\/elementor\/thumbs\/blockchain-2850276_1280_800-qj4bypf96k4rstrs9ld3w7hbrz77twijmi2athbauw.jpg\" title=\"blockchain-2850276_1280_800\" alt=\"blockchain-2850276_1280_800\" loading=\"lazy\" \/>\t\t\t\t\t\t\t\t\t\t\t\t\t\t\t<\/div>\n\t\t\t\t<\/div>\n\t\t\t\t\t<\/div>\n\t\t<\/div>\n\t\t\t\t\t<\/div>\n\t\t<\/section>\n\t\t\t\t<section class=\"elementor-section elementor-top-section elementor-element elementor-element-634112f8 elementor-section-boxed elementor-section-height-default elementor-section-height-default\" data-id=\"634112f8\" data-element_type=\"section\">\n\t\t\t\t\t\t<div class=\"elementor-container elementor-column-gap-default\">\n\t\t\t\t\t<div class=\"elementor-column elementor-col-100 elementor-top-column elementor-element elementor-element-6888cc5c\" data-id=\"6888cc5c\" data-element_type=\"column\">\n\t\t\t<div class=\"elementor-widget-wrap elementor-element-populated\">\n\t\t\t\t\t\t<div class=\"elementor-element elementor-element-7efe4c82 elementor-widget elementor-widget-text-editor\" data-id=\"7efe4c82\" data-element_type=\"widget\" data-widget_type=\"text-editor.default\">\n\t\t\t\t<div class=\"elementor-widget-container\">\n\t\t\t\t\t\t\t\t\t<p>Vous souhaitez en savoir plus ou prendre contact avec nous ? Cliquez sur le lien <a href=\"https:\/\/aximainformatique.com\/index.php\/33-2\/\" data-type=\"page\" data-id=\"33\">Contactez-nous<\/a> ici ou en bas de page.<\/p><p><!-- \/wp:paragraph --><!-- wp:paragraph --><\/p><p>Nous prendrons le temps de vous \u00e9couter et vous conseiller<\/p><p><!-- \/wp:paragraph --><!-- wp:paragraph --><\/p><p><!-- \/wp:paragraph --><\/p>\t\t\t\t\t\t\t\t<\/div>\n\t\t\t\t<\/div>\n\t\t\t\t\t<\/div>\n\t\t<\/div>\n\t\t\t\t\t<\/div>\n\t\t<\/section>\n\t\t\t\t<\/div>\n\t\t","protected":false},"excerpt":{"rendered":"<p>INFORMATIQUE Axima, c&rsquo;est plus de 25 ans d&rsquo;exp\u00e9rience en conseil, installation, maintenance, micro-infog\u00e9rance, et services informatiques aupr\u00e8s des professionnels. Nous vous accompagnons de l&rsquo;\u00e9tude de vos besoins, au d\u00e9ploiement de vos solutions et infrastructures, avec pour souci de vous aider \u00e0 vous concentrer sur votre activit\u00e9, en vous proposant des moyens techniques adapt\u00e9s \u00e0 vos [&hellip;]<\/p>\n","protected":false},"author":1,"featured_media":37,"parent":0,"menu_order":0,"comment_status":"closed","ping_status":"closed","template":"elementor_header_footer","meta":{"ocean_post_layout":"","ocean_both_sidebars_style":"","ocean_both_sidebars_content_width":0,"ocean_both_sidebars_sidebars_width":0,"ocean_sidebar":"","ocean_second_sidebar":"","ocean_disable_margins":"enable","ocean_add_body_class":"","ocean_shortcode_before_top_bar":"","ocean_shortcode_after_top_bar":"","ocean_shortcode_before_header":"","ocean_shortcode_after_header":"","ocean_has_shortcode":"","ocean_shortcode_after_title":"","ocean_shortcode_before_footer_widgets":"","ocean_shortcode_after_footer_widgets":"","ocean_shortcode_before_footer_bottom":"","ocean_shortcode_after_footer_bottom":"","ocean_display_top_bar":"default","ocean_display_header":"default","ocean_header_style":"","ocean_center_header_left_menu":"","ocean_custom_header_template":"","ocean_custom_logo":0,"ocean_custom_retina_logo":0,"ocean_custom_logo_max_width":0,"ocean_custom_logo_tablet_max_width":0,"ocean_custom_logo_mobile_max_width":0,"ocean_custom_logo_max_height":0,"ocean_custom_logo_tablet_max_height":0,"ocean_custom_logo_mobile_max_height":0,"ocean_header_custom_menu":"","ocean_menu_typo_font_family":"","ocean_menu_typo_font_subset":"","ocean_menu_typo_font_size":0,"ocean_menu_typo_font_size_tablet":0,"ocean_menu_typo_font_size_mobile":0,"ocean_menu_typo_font_size_unit":"px","ocean_menu_typo_font_weight":"","ocean_menu_typo_font_weight_tablet":"","ocean_menu_typo_font_weight_mobile":"","ocean_menu_typo_transform":"","ocean_menu_typo_transform_tablet":"","ocean_menu_typo_transform_mobile":"","ocean_menu_typo_line_height":0,"ocean_menu_typo_line_height_tablet":0,"ocean_menu_typo_line_height_mobile":0,"ocean_menu_typo_line_height_unit":"","ocean_menu_typo_spacing":0,"ocean_menu_typo_spacing_tablet":0,"ocean_menu_typo_spacing_mobile":0,"ocean_menu_typo_spacing_unit":"","ocean_menu_link_color":"","ocean_menu_link_color_hover":"","ocean_menu_link_color_active":"","ocean_menu_link_background":"","ocean_menu_link_hover_background":"","ocean_menu_link_active_background":"","ocean_menu_social_links_bg":"","ocean_menu_social_hover_links_bg":"","ocean_menu_social_links_color":"","ocean_menu_social_hover_links_color":"","ocean_disable_title":"default","ocean_disable_heading":"default","ocean_post_title":"","ocean_post_subheading":"","ocean_post_title_style":"","ocean_post_title_background_color":"","ocean_post_title_background":0,"ocean_post_title_bg_image_position":"","ocean_post_title_bg_image_attachment":"","ocean_post_title_bg_image_repeat":"","ocean_post_title_bg_image_size":"","ocean_post_title_height":0,"ocean_post_title_bg_overlay":0.5,"ocean_post_title_bg_overlay_color":"","ocean_disable_breadcrumbs":"default","ocean_breadcrumbs_color":"","ocean_breadcrumbs_separator_color":"","ocean_breadcrumbs_links_color":"","ocean_breadcrumbs_links_hover_color":"","ocean_display_footer_widgets":"default","ocean_display_footer_bottom":"default","ocean_custom_footer_template":"","footnotes":""},"class_list":["post-7","page","type-page","status-publish","has-post-thumbnail","hentry","entry","has-media"],"_links":{"self":[{"href":"https:\/\/aximainformatique.com\/index.php\/wp-json\/wp\/v2\/pages\/7","targetHints":{"allow":["GET"]}}],"collection":[{"href":"https:\/\/aximainformatique.com\/index.php\/wp-json\/wp\/v2\/pages"}],"about":[{"href":"https:\/\/aximainformatique.com\/index.php\/wp-json\/wp\/v2\/types\/page"}],"author":[{"embeddable":true,"href":"https:\/\/aximainformatique.com\/index.php\/wp-json\/wp\/v2\/users\/1"}],"replies":[{"embeddable":true,"href":"https:\/\/aximainformatique.com\/index.php\/wp-json\/wp\/v2\/comments?post=7"}],"version-history":[{"count":93,"href":"https:\/\/aximainformatique.com\/index.php\/wp-json\/wp\/v2\/pages\/7\/revisions"}],"predecessor-version":[{"id":556,"href":"https:\/\/aximainformatique.com\/index.php\/wp-json\/wp\/v2\/pages\/7\/revisions\/556"}],"wp:featuredmedia":[{"embeddable":true,"href":"https:\/\/aximainformatique.com\/index.php\/wp-json\/wp\/v2\/media\/37"}],"wp:attachment":[{"href":"https:\/\/aximainformatique.com\/index.php\/wp-json\/wp\/v2\/media?parent=7"}],"curies":[{"name":"wp","href":"https:\/\/api.w.org\/{rel}","templated":true}]}}